{"id":2980,"date":"2024-10-18T13:29:29","date_gmt":"2024-10-18T12:29:29","guid":{"rendered":"https:\/\/holaportugal.pt\/mapa-do-site\/"},"modified":"2025-10-02T16:48:09","modified_gmt":"2025-10-02T15:48:09","slug":"mapa-do-site","status":"publish","type":"page","link":"https:\/\/holaportugal.pt\/pt-br\/mapa-do-site\/","title":{"rendered":"Mapa do site"},"content":{"rendered":"<div id=\"simple-sitemap-container-69e18a82adab8\" class=\"simple-sitemap-container simple-sitemap-container-69e18a82adab8 tab-disabled\"><div class=\"simple-sitemap-wrap\"><h3 class=\"post-type\">P\u00e1ginas<\/h3><ul class=\"simple-sitemap-page main\"><li class=\"sitemap-item page_item page-item-762\"><a href=\"https:\/\/holaportugal.pt\/pt-br\/aplicativo-nif\/\">Pedido de NIF<\/a><\/li>\n<li class=\"sitemap-item page_item page-item-619\"><a href=\"https:\/\/holaportugal.pt\/pt-br\/\">In\u00edcio<\/a><\/li>\n<li class=\"sitemap-item page_item page-item-639\"><a href=\"https:\/\/holaportugal.pt\/pt-br\/blog\/\">Blog<\/a><\/li>\n<li class=\"sitemap-item page_item page-item-2994\"><a href=\"https:\/\/holaportugal.pt\/pt-br\/comece-aqui\/\">Comece aqui<\/a><\/li>\n<li class=\"sitemap-item page_item page-item-2960\"><a href=\"https:\/\/holaportugal.pt\/pt-br\/consultoria\/\">Consultoria<\/a><\/li>\n<li class=\"sitemap-item page_item page-item-662\"><a href=\"https:\/\/holaportugal.pt\/pt-br\/contato\/\">Contato<\/a><\/li>\n<li class=\"sitemap-item page_item page-item-2986\"><a href=\"https:\/\/holaportugal.pt\/pt-br\/formalidades\/\">Formalidades<\/a><\/li>\n<li class=\"sitemap-item page_item page-item-2980\"><a href=\"https:\/\/holaportugal.pt\/pt-br\/mapa-do-site\/\">Mapa do site<\/a><\/li>\n<li class=\"sitemap-item page_item page-item-622\"><a href=\"https:\/\/holaportugal.pt\/pt-br\/nif\/\">NIF Portugal<\/a><\/li>\n<li class=\"sitemap-item page_item page-item-649\"><a href=\"https:\/\/holaportugal.pt\/pt-br\/niss\/\">NISS<\/a><\/li>\n<li class=\"sitemap-item page_item page-item-781\"><a href=\"https:\/\/holaportugal.pt\/pt-br\/politica-de-cookies\/\">Pol\u00edtica de cookies<\/a><\/li>\n<li class=\"sitemap-item page_item page-item-603\"><a href=\"https:\/\/holaportugal.pt\/pt-br\/politica-de-privacidade\/\">Pol\u00edtica de privacidade<\/a><\/li>\n<li class=\"sitemap-item page_item page-item-2967\"><a href=\"https:\/\/holaportugal.pt\/pt-br\/realocacao\/\">Realoca\u00e7\u00e3o<\/a><\/li>\n<li class=\"sitemap-item page_item page-item-2987 page_item_has_children\"><a href=\"https:\/\/holaportugal.pt\/pt-br\/seguro\/\">Seguro<\/a>\n<ul class='children'>\n\t<li class=\"sitemap-item page_item page-item-2962\"><a href=\"https:\/\/holaportugal.pt\/pt-br\/seguro\/seguro-de-saude-em-portugal\/\">Seguro de sa\u00fade em Portugal<\/a><\/li>\n<\/ul>\n<\/li>\n<li class=\"sitemap-item page_item page-item-609\"><a href=\"https:\/\/holaportugal.pt\/pt-br\/sobre-nos\/\">Sobre n\u00f3s<\/a><\/li>\n<li class=\"sitemap-item page_item page-item-652\"><a href=\"https:\/\/holaportugal.pt\/pt-br\/vistos\/\">Vistos<\/a><\/li>\n<li class=\"sitemap-item page_item page-item-2971\"><a href=\"https:\/\/holaportugal.pt\/pt-br\/wiki-portugal\/\">Wiki Portugal<\/a><\/li>\n<\/ul><\/div><div class=\"simple-sitemap-wrap\"><h3 class=\"post-type\">Art\u00edculos de Inter\u00e9s<\/h3><ul class=\"simple-sitemap-post main\"><li class=\"sitemap-item\"><a href=\"https:\/\/holaportugal.pt\/pt-br\/blog\/formalidades\/abrir-uma-conta-bancaria-em-portugal\/\">Abrir uma conta banc\u00e1ria em Portugal<\/a><\/li><li class=\"sitemap-item\"><a href=\"https:\/\/holaportugal.pt\/pt-br\/blog\/formalidades\/como-alterar-o-seu-domicilio-fiscal-em-portugal\/\">Como alterar o seu domic\u00edlio fiscal em Portugal<\/a><\/li><li class=\"sitemap-item\"><a href=\"https:\/\/holaportugal.pt\/pt-br\/blog\/vistos\/como-obter-residencia-em-portugal\/\">Como obter resid\u00eancia em Portugal<\/a><\/li><li class=\"sitemap-item\"><a href=\"https:\/\/holaportugal.pt\/pt-br\/blog\/formalidades\/como-trocar-sua-carteira-de-motorista-em-portugal\/\">Como trocar sua carteira de motorista em Portugal<\/a><\/li><li class=\"sitemap-item\"><a href=\"https:\/\/holaportugal.pt\/pt-br\/blog\/formalidades\/diferencas-entre-viver-na-espanha-e-em-portugal\/\">Diferen\u00e7as entre viver na Espanha e em Portugal<\/a><\/li><li class=\"sitemap-item\"><a href=\"https:\/\/holaportugal.pt\/pt-br\/blog\/formalidades\/emigrar-para-portugal-com-passaporte-europeu\/\">Emigrar para Portugal com passaporte europeu<\/a><\/li><li class=\"sitemap-item\"><a href=\"https:\/\/holaportugal.pt\/pt-br\/blog\/vistos\/guia-completo-de-vistos-para-emigracao-para-portugal\/\">Guia completo de vistos para emigra\u00e7\u00e3o para Portugal<\/a><\/li><li class=\"sitemap-item\"><a href=\"https:\/\/holaportugal.pt\/pt-br\/blog\/formalidades\/nif-portugues-o-que-e-e-como-obte-lo\/\">NIF portugu\u00eas: o que \u00e9 e como obt\u00ea-lo<\/a><\/li><li class=\"sitemap-item\"><a href=\"https:\/\/holaportugal.pt\/pt-br\/blog\/formalidades\/numero-de-usuario-portugues-como-obte-lo\/\">N\u00famero de Usu\u00e1rio Portugu\u00eas: Como Obt\u00ea-lo<\/a><\/li><li class=\"sitemap-item\"><a href=\"https:\/\/holaportugal.pt\/pt-br\/blog\/vivenda\/quanto-vale-uma-casa-em-portugal\/\">Quanto vale uma casa em Portugal?<\/a><\/li><li class=\"sitemap-item\"><a href=\"https:\/\/holaportugal.pt\/pt-br\/blog\/formalidades\/vantagens-e-desvantagens-de-emigrar-para-portugal-em-2025\/\">Vantagens e desvantagens de emigrar para Portugal em 2025<\/a><\/li><li class=\"sitemap-item\"><a href=\"https:\/\/holaportugal.pt\/pt-br\/blog\/vistos\/visto-de-candidato-a-emprego-para-emigracao-para-portugal\/\">Visto de candidato a emprego para Portugal<\/a><\/li><\/ul><\/div><\/div><br style=\"clear: both;\">","protected":false},"excerpt":{"rendered":"","protected":false},"author":3,"featured_media":0,"parent":0,"menu_order":0,"comment_status":"closed","ping_status":"closed","template":"","meta":{"site-sidebar-layout":"default","site-content-layout":"","ast-site-content-layout":"default","site-content-style":"default","site-sidebar-style":"default","ast-global-header-display":"","ast-banner-title-visibility":"","ast-main-header-display":"","ast-hfb-above-header-display":"","ast-hfb-below-header-display":"","ast-hfb-mobile-header-display":"","site-post-title":"","ast-breadcrumbs-content":"","ast-featured-img":"","footer-sml-layout":"","theme-transparent-header-meta":"","adv-header-id-meta":"","stick-header-meta":"","header-above-stick-meta":"","header-main-stick-meta":"","header-below-stick-meta":"","astra-migrate-meta-layouts":"default","ast-page-background-enabled":"default","ast-page-background-meta":{"desktop":{"background-color":"var(--ast-global-color-4)","background-image":"","background-repeat":"repeat","background-position":"center center","background-size":"auto","background-attachment":"scroll","background-type":"","background-media":"","overlay-type":"","overlay-color":"","overlay-opacity":"","overlay-gradient":""},"tablet":{"background-color":"","background-image":"","background-repeat":"repeat","background-position":"center center","background-size":"auto","background-attachment":"scroll","background-type":"","background-media":"","overlay-type":"","overlay-color":"","overlay-opacity":"","overlay-gradient":""},"mobile":{"background-color":"","background-image":"","background-repeat":"repeat","background-position":"center center","background-size":"auto","background-attachment":"scroll","background-type":"","background-media":"","overlay-type":"","overlay-color":"","overlay-opacity":"","overlay-gradient":""}},"ast-content-background-meta":{"desktop":{"background-color":"var(--ast-global-color-5)","background-image":"","background-repeat":"repeat","background-position":"center center","background-size":"auto","background-attachment":"scroll","background-type":"","background-media":"","overlay-type":"","overlay-color":"","overlay-opacity":"","overlay-gradient":""},"tablet":{"background-color":"var(--ast-global-color-5)","background-image":"","background-repeat":"repeat","background-position":"center center","background-size":"auto","background-attachment":"scroll","background-type":"","background-media":"","overlay-type":"","overlay-color":"","overlay-opacity":"","overlay-gradient":""},"mobile":{"background-color":"var(--ast-global-color-5)","background-image":"","background-repeat":"repeat","background-position":"center center","background-size":"auto","background-attachment":"scroll","background-type":"","background-media":"","overlay-type":"","overlay-color":"","overlay-opacity":"","overlay-gradient":""}},"footnotes":""},"class_list":["post-2980","page","type-page","status-publish","hentry"],"yoast_head":"<!-- This site is optimized with the Yoast SEO plugin v26.5 - https:\/\/yoast.com\/wordpress\/plugins\/seo\/ -->\n<title>Mapa do site - Hola Portugal<\/title>\n<meta name=\"robots\" content=\"index, follow, max-snippet:-1, max-image-preview:large, max-video-preview:-1\" \/>\n<link rel=\"canonical\" href=\"https:\/\/holaportugal.pt\/pt-br\/mapa-do-site\/\" \/>\n<meta property=\"og:locale\" content=\"pt_BR\" \/>\n<meta property=\"og:type\" content=\"article\" \/>\n<meta property=\"og:title\" content=\"Mapa do site - Hola Portugal\" \/>\n<meta property=\"og:url\" content=\"https:\/\/holaportugal.pt\/pt-br\/mapa-do-site\/\" \/>\n<meta property=\"og:site_name\" content=\"Hola Portugal\" \/>\n<meta property=\"article:publisher\" content=\"https:\/\/www.facebook.com\/holaportugalok\" \/>\n<meta property=\"article:modified_time\" content=\"2025-10-02T15:48:09+00:00\" \/>\n<meta name=\"twitter:card\" content=\"summary_large_image\" \/>\n<script type=\"application\/ld+json\" class=\"yoast-schema-graph\">{\"@context\":\"https:\/\/schema.org\",\"@graph\":[{\"@type\":\"WebPage\",\"@id\":\"https:\/\/holaportugal.pt\/pt-br\/mapa-do-site\/\",\"url\":\"https:\/\/holaportugal.pt\/pt-br\/mapa-do-site\/\",\"name\":\"Mapa do site - Hola Portugal\",\"isPartOf\":{\"@id\":\"https:\/\/holaportugal.pt\/pt-br\/#website\"},\"datePublished\":\"2024-10-18T12:29:29+00:00\",\"dateModified\":\"2025-10-02T15:48:09+00:00\",\"breadcrumb\":{\"@id\":\"https:\/\/holaportugal.pt\/pt-br\/mapa-do-site\/#breadcrumb\"},\"inLanguage\":\"pt-BR\",\"potentialAction\":[{\"@type\":\"ReadAction\",\"target\":[\"https:\/\/holaportugal.pt\/pt-br\/mapa-do-site\/\"]}]},{\"@type\":\"BreadcrumbList\",\"@id\":\"https:\/\/holaportugal.pt\/pt-br\/mapa-do-site\/#breadcrumb\",\"itemListElement\":[{\"@type\":\"ListItem\",\"position\":1,\"name\":\"Inicio\",\"item\":\"https:\/\/holaportugal.pt\/pt-br\/aplicativo-nif-2\/\"},{\"@type\":\"ListItem\",\"position\":2,\"name\":\"Mapa do site\"}]},{\"@type\":\"WebSite\",\"@id\":\"https:\/\/holaportugal.pt\/pt-br\/#website\",\"url\":\"https:\/\/holaportugal.pt\/pt-br\/\",\"name\":\"Hola Portugal\",\"description\":\"Te ayudamos con todos los tr\u00e1mites migratorios y administrativos para mudarte a Portugal\",\"publisher\":{\"@id\":\"https:\/\/holaportugal.pt\/pt-br\/#organization\"},\"potentialAction\":[{\"@type\":\"SearchAction\",\"target\":{\"@type\":\"EntryPoint\",\"urlTemplate\":\"https:\/\/holaportugal.pt\/pt-br\/?s={search_term_string}\"},\"query-input\":{\"@type\":\"PropertyValueSpecification\",\"valueRequired\":true,\"valueName\":\"search_term_string\"}}],\"inLanguage\":\"pt-BR\"},{\"@type\":\"Organization\",\"@id\":\"https:\/\/holaportugal.pt\/pt-br\/#organization\",\"name\":\"Hola Portugal\",\"url\":\"https:\/\/holaportugal.pt\/pt-br\/\",\"logo\":{\"@type\":\"ImageObject\",\"inLanguage\":\"pt-BR\",\"@id\":\"https:\/\/holaportugal.pt\/pt-br\/#\/schema\/logo\/image\/\",\"url\":\"https:\/\/holaportugal.pt\/wp-content\/uploads\/2024\/07\/favicon-holapt.png\",\"contentUrl\":\"https:\/\/holaportugal.pt\/wp-content\/uploads\/2024\/07\/favicon-holapt.png\",\"width\":512,\"height\":512,\"caption\":\"Hola Portugal\"},\"image\":{\"@id\":\"https:\/\/holaportugal.pt\/pt-br\/#\/schema\/logo\/image\/\"},\"sameAs\":[\"https:\/\/www.facebook.com\/holaportugalok\",\"https:\/\/www.instagram.com\/holaportugal.pt\/\"]}]}<\/script>\n<!-- \/ Yoast SEO plugin. -->","yoast_head_json":{"title":"Mapa do site - Hola Portugal","robots":{"index":"index","follow":"follow","max-snippet":"max-snippet:-1","max-image-preview":"max-image-preview:large","max-video-preview":"max-video-preview:-1"},"canonical":"https:\/\/holaportugal.pt\/pt-br\/mapa-do-site\/","og_locale":"pt_BR","og_type":"article","og_title":"Mapa do site - Hola Portugal","og_url":"https:\/\/holaportugal.pt\/pt-br\/mapa-do-site\/","og_site_name":"Hola Portugal","article_publisher":"https:\/\/www.facebook.com\/holaportugalok","article_modified_time":"2025-10-02T15:48:09+00:00","twitter_card":"summary_large_image","schema":{"@context":"https:\/\/schema.org","@graph":[{"@type":"WebPage","@id":"https:\/\/holaportugal.pt\/pt-br\/mapa-do-site\/","url":"https:\/\/holaportugal.pt\/pt-br\/mapa-do-site\/","name":"Mapa do site - Hola Portugal","isPartOf":{"@id":"https:\/\/holaportugal.pt\/pt-br\/#website"},"datePublished":"2024-10-18T12:29:29+00:00","dateModified":"2025-10-02T15:48:09+00:00","breadcrumb":{"@id":"https:\/\/holaportugal.pt\/pt-br\/mapa-do-site\/#breadcrumb"},"inLanguage":"pt-BR","potentialAction":[{"@type":"ReadAction","target":["https:\/\/holaportugal.pt\/pt-br\/mapa-do-site\/"]}]},{"@type":"BreadcrumbList","@id":"https:\/\/holaportugal.pt\/pt-br\/mapa-do-site\/#breadcrumb","itemListElement":[{"@type":"ListItem","position":1,"name":"Inicio","item":"https:\/\/holaportugal.pt\/pt-br\/aplicativo-nif-2\/"},{"@type":"ListItem","position":2,"name":"Mapa do site"}]},{"@type":"WebSite","@id":"https:\/\/holaportugal.pt\/pt-br\/#website","url":"https:\/\/holaportugal.pt\/pt-br\/","name":"Hola Portugal","description":"Te ayudamos con todos los tr\u00e1mites migratorios y administrativos para mudarte a Portugal","publisher":{"@id":"https:\/\/holaportugal.pt\/pt-br\/#organization"},"potentialAction":[{"@type":"SearchAction","target":{"@type":"EntryPoint","urlTemplate":"https:\/\/holaportugal.pt\/pt-br\/?s={search_term_string}"},"query-input":{"@type":"PropertyValueSpecification","valueRequired":true,"valueName":"search_term_string"}}],"inLanguage":"pt-BR"},{"@type":"Organization","@id":"https:\/\/holaportugal.pt\/pt-br\/#organization","name":"Hola Portugal","url":"https:\/\/holaportugal.pt\/pt-br\/","logo":{"@type":"ImageObject","inLanguage":"pt-BR","@id":"https:\/\/holaportugal.pt\/pt-br\/#\/schema\/logo\/image\/","url":"https:\/\/holaportugal.pt\/wp-content\/uploads\/2024\/07\/favicon-holapt.png","contentUrl":"https:\/\/holaportugal.pt\/wp-content\/uploads\/2024\/07\/favicon-holapt.png","width":512,"height":512,"caption":"Hola Portugal"},"image":{"@id":"https:\/\/holaportugal.pt\/pt-br\/#\/schema\/logo\/image\/"},"sameAs":["https:\/\/www.facebook.com\/holaportugalok","https:\/\/www.instagram.com\/holaportugal.pt\/"]}]}},"_links":{"self":[{"href":"https:\/\/holaportugal.pt\/pt-br\/wp-json\/wp\/v2\/pages\/2980","targetHints":{"allow":["GET"]}}],"collection":[{"href":"https:\/\/holaportugal.pt\/pt-br\/wp-json\/wp\/v2\/pages"}],"about":[{"href":"https:\/\/holaportugal.pt\/pt-br\/wp-json\/wp\/v2\/types\/page"}],"author":[{"embeddable":true,"href":"https:\/\/holaportugal.pt\/pt-br\/wp-json\/wp\/v2\/users\/3"}],"replies":[{"embeddable":true,"href":"https:\/\/holaportugal.pt\/pt-br\/wp-json\/wp\/v2\/comments?post=2980"}],"version-history":[{"count":1,"href":"https:\/\/holaportugal.pt\/pt-br\/wp-json\/wp\/v2\/pages\/2980\/revisions"}],"predecessor-version":[{"id":2982,"href":"https:\/\/holaportugal.pt\/pt-br\/wp-json\/wp\/v2\/pages\/2980\/revisions\/2982"}],"wp:attachment":[{"href":"https:\/\/holaportugal.pt\/pt-br\/wp-json\/wp\/v2\/media?parent=2980"}],"curies":[{"name":"wp","href":"https:\/\/api.w.org\/{rel}","templated":true}]}}