{"id":2986,"date":"2024-10-16T19:39:14","date_gmt":"2024-10-16T18:39:14","guid":{"rendered":"https:\/\/holaportugal.pt\/formalidades\/"},"modified":"2025-10-02T17:22:30","modified_gmt":"2025-10-02T16:22:30","slug":"formalidades","status":"publish","type":"page","link":"https:\/\/holaportugal.pt\/pt-br\/formalidades\/","title":{"rendered":"Formalidades"},"content":{"rendered":"\t\t<div data-elementor-type=\"wp-page\" data-elementor-id=\"2986\" class=\"elementor elementor-2986 elementor-1643\" data-elementor-post-type=\"page\">\n\t\t\t\t\t\t<section class=\"elementor-section elementor-top-section elementor-element elementor-element-37720625 elementor-section-height-min-height elementor-section-content-middle elementor-section-stretched elementor-section-boxed elementor-section-height-default elementor-section-items-middle\" data-id=\"37720625\" data-element_type=\"section\" data-settings=\"{&quot;background_background&quot;:&quot;classic&quot;,&quot;stretch_section&quot;:&quot;section-stretched&quot;}\">\n\t\t\t\t\t\t\t<div class=\"elementor-background-overlay\"><\/div>\n\t\t\t\t\t\t\t<div class=\"elementor-container elementor-column-gap-wider\">\n\t\t\t\t\t<div class=\"elementor-column elementor-col-16 elementor-top-column elementor-element elementor-element-6aa23ea9\" data-id=\"6aa23ea9\" data-element_type=\"column\">\n\t\t\t<div class=\"elementor-widget-wrap\">\n\t\t\t\t\t\t\t<\/div>\n\t\t<\/div>\n\t\t\t\t<div class=\"elementor-column elementor-col-66 elementor-top-column elementor-element elementor-element-4d5fed87\" data-id=\"4d5fed87\" data-element_type=\"column\">\n\t\t\t<div class=\"elementor-widget-wrap elementor-element-populated\">\n\t\t\t\t\t\t<div class=\"elementor-element elementor-element-5f1dc8f4 elementor-widget elementor-widget-shortcode\" data-id=\"5f1dc8f4\" data-element_type=\"widget\" data-widget_type=\"shortcode.default\">\n\t\t\t\t<div class=\"elementor-widget-container\">\n\t\t\t\t\t\t\t<div class=\"elementor-shortcode\"><div class=\"bc\"><span><span><a href=\"https:\/\/holaportugal.pt\/pt-br\/aplicativo-nif-2\/\">Inicio<\/a><\/span><\/span><\/div><\/div>\n\t\t\t\t\t\t<\/div>\n\t\t\t\t<\/div>\n\t\t\t\t<div class=\"elementor-element elementor-element-297cb09d titulo-presentacion elementor-widget elementor-widget-heading\" data-id=\"297cb09d\" data-element_type=\"widget\" data-widget_type=\"heading.default\">\n\t\t\t\t<div class=\"elementor-widget-container\">\n\t\t\t\t\t<h1 class=\"elementor-heading-title elementor-size-default\">Guia para voc\u00ea viver em Portugal  <\/h1>\t\t\t\t<\/div>\n\t\t\t\t<\/div>\n\t\t\t\t<div class=\"elementor-element elementor-element-403d7b79 elementor-widget elementor-widget-text-editor\" data-id=\"403d7b79\" data-element_type=\"widget\" data-widget_type=\"text-editor.default\">\n\t\t\t\t<div class=\"elementor-widget-container\">\n\t\t\t\t\t\t\t\t\t<p>Informe-se sobre todos os procedimentos e documentos que voc\u00ea precisa obter para se estabelecer no pa\u00eds.<\/p>\t\t\t\t\t\t\t\t<\/div>\n\t\t\t\t<\/div>\n\t\t\t\t\t<\/div>\n\t\t<\/div>\n\t\t\t\t<div class=\"elementor-column elementor-col-16 elementor-top-column elementor-element elementor-element-25feb3bc\" data-id=\"25feb3bc\" data-element_type=\"column\">\n\t\t\t<div class=\"elementor-widget-wrap\">\n\t\t\t\t\t\t\t<\/div>\n\t\t<\/div>\n\t\t\t\t\t<\/div>\n\t\t<\/section>\n\t\t<div class=\"elementor-element elementor-element-446ea4dd e-grid e-con-boxed elementor-invisible e-con e-parent\" data-id=\"446ea4dd\" data-element_type=\"container\" data-settings=\"{&quot;animation&quot;:&quot;fadeIn&quot;}\">\n\t\t\t\t\t<div class=\"e-con-inner\">\n\t\t<div class=\"elementor-element elementor-element-656a7143 e-con-full e-flex e-con e-child\" data-id=\"656a7143\" data-element_type=\"container\" data-settings=\"{&quot;background_background&quot;:&quot;classic&quot;}\">\n\t\t\t\t<div class=\"elementor-element elementor-element-74128679 elementor-widget elementor-widget-heading\" data-id=\"74128679\" data-element_type=\"widget\" data-widget_type=\"heading.default\">\n\t\t\t\t<div class=\"elementor-widget-container\">\n\t\t\t\t\t<h2 class=\"elementor-heading-title elementor-size-default\">NIF<\/h2>\t\t\t\t<\/div>\n\t\t\t\t<\/div>\n\t\t\t\t<div class=\"elementor-element elementor-element-6e70ce90 elementor-widget elementor-widget-text-editor\" data-id=\"6e70ce90\" data-element_type=\"widget\" data-widget_type=\"text-editor.default\">\n\t\t\t\t<div class=\"elementor-widget-container\">\n\t\t\t\t\t\t\t\t\t<p>O n\u00famero de identifica\u00e7\u00e3o fiscal \u00e9 necess\u00e1rio para qualquer atividade econ\u00f4mica em Portugal.<\/p>\t\t\t\t\t\t\t\t<\/div>\n\t\t\t\t<\/div>\n\t\t\t\t<div class=\"elementor-element elementor-element-3df2746 elementor-widget elementor-widget-button\" data-id=\"3df2746\" data-element_type=\"widget\" data-widget_type=\"button.default\">\n\t\t\t\t<div class=\"elementor-widget-container\">\n\t\t\t\t\t\t\t\t\t<div class=\"elementor-button-wrapper\">\n\t\t\t\t\t<a class=\"elementor-button elementor-button-link elementor-size-sm\" href=\"https:\/\/holaportugal.pt\/pt-br\/blog\/formalidades\/nif-portugues-o-que-e-e-como-obte-lo\/\">\n\t\t\t\t\t\t<span class=\"elementor-button-content-wrapper\">\n\t\t\t\t\t\t\t\t\t<span class=\"elementor-button-text\">Ver guia<\/span>\n\t\t\t\t\t<\/span>\n\t\t\t\t\t<\/a>\n\t\t\t\t<\/div>\n\t\t\t\t\t\t\t\t<\/div>\n\t\t\t\t<\/div>\n\t\t\t\t<\/div>\n\t\t<div class=\"elementor-element elementor-element-1b84c026 e-con-full e-flex e-con e-child\" data-id=\"1b84c026\" data-element_type=\"container\" data-settings=\"{&quot;background_background&quot;:&quot;classic&quot;}\">\n\t\t\t\t<div class=\"elementor-element elementor-element-7d52b2ba elementor-widget elementor-widget-heading\" data-id=\"7d52b2ba\" data-element_type=\"widget\" data-widget_type=\"heading.default\">\n\t\t\t\t<div class=\"elementor-widget-container\">\n\t\t\t\t\t<h2 class=\"elementor-heading-title elementor-size-default\">NISS<\/h2>\t\t\t\t<\/div>\n\t\t\t\t<\/div>\n\t\t\t\t<div class=\"elementor-element elementor-element-6b4c7a8 elementor-widget elementor-widget-text-editor\" data-id=\"6b4c7a8\" data-element_type=\"widget\" data-widget_type=\"text-editor.default\">\n\t\t\t\t<div class=\"elementor-widget-container\">\n\t\t\t\t\t\t\t\t\t<p>O Social Security Identification Number \u00e9 essencial para que voc\u00ea possa trabalhar no pa\u00eds.<\/p>\t\t\t\t\t\t\t\t<\/div>\n\t\t\t\t<\/div>\n\t\t\t\t<div class=\"elementor-element elementor-element-21aba1ad elementor-widget elementor-widget-button\" data-id=\"21aba1ad\" data-element_type=\"widget\" data-widget_type=\"button.default\">\n\t\t\t\t<div class=\"elementor-widget-container\">\n\t\t\t\t\t\t\t\t\t<div class=\"elementor-button-wrapper\">\n\t\t\t\t\t<a class=\"elementor-button elementor-button-link elementor-size-sm\" href=\"https:\/\/holaportugal.pt\/blog\/tramites\/como-tramitar-el-niss-de-portugal-paso-a-paso\/\">\n\t\t\t\t\t\t<span class=\"elementor-button-content-wrapper\">\n\t\t\t\t\t\t\t\t\t<span class=\"elementor-button-text\">Ver guia<\/span>\n\t\t\t\t\t<\/span>\n\t\t\t\t\t<\/a>\n\t\t\t\t<\/div>\n\t\t\t\t\t\t\t\t<\/div>\n\t\t\t\t<\/div>\n\t\t\t\t<\/div>\n\t\t<div class=\"elementor-element elementor-element-e9dc080 e-con-full e-flex e-con e-child\" data-id=\"e9dc080\" data-element_type=\"container\" data-settings=\"{&quot;background_background&quot;:&quot;classic&quot;}\">\n\t\t\t\t<div class=\"elementor-element elementor-element-ce8d952 elementor-widget elementor-widget-heading\" data-id=\"ce8d952\" data-element_type=\"widget\" data-widget_type=\"heading.default\">\n\t\t\t\t<div class=\"elementor-widget-container\">\n\t\t\t\t\t<h2 class=\"elementor-heading-title elementor-size-default\">Conta banc\u00e1ria<\/h2>\t\t\t\t<\/div>\n\t\t\t\t<\/div>\n\t\t\t\t<div class=\"elementor-element elementor-element-4e25e65 elementor-widget elementor-widget-text-editor\" data-id=\"4e25e65\" data-element_type=\"widget\" data-widget_type=\"text-editor.default\">\n\t\t\t\t<div class=\"elementor-widget-container\">\n\t\t\t\t\t\t\t\t\t<p>Descubra os requisitos e os bancos para abrir uma conta em Portugal<\/p>\t\t\t\t\t\t\t\t<\/div>\n\t\t\t\t<\/div>\n\t\t\t\t<div class=\"elementor-element elementor-element-41b24a4 elementor-widget elementor-widget-button\" data-id=\"41b24a4\" data-element_type=\"widget\" data-widget_type=\"button.default\">\n\t\t\t\t<div class=\"elementor-widget-container\">\n\t\t\t\t\t\t\t\t\t<div class=\"elementor-button-wrapper\">\n\t\t\t\t\t<a class=\"elementor-button elementor-button-link elementor-size-sm\" href=\"https:\/\/holaportugal.pt\/pt-br\/blog\/formalidades\/abrir-uma-conta-bancaria-em-portugal\/\">\n\t\t\t\t\t\t<span class=\"elementor-button-content-wrapper\">\n\t\t\t\t\t\t\t\t\t<span class=\"elementor-button-text\">Ver guia<\/span>\n\t\t\t\t\t<\/span>\n\t\t\t\t\t<\/a>\n\t\t\t\t<\/div>\n\t\t\t\t\t\t\t\t<\/div>\n\t\t\t\t<\/div>\n\t\t\t\t<\/div>\n\t\t\t\t\t<\/div>\n\t\t\t\t<\/div>\n\t\t<div class=\"elementor-element elementor-element-0a9240c e-grid e-con-boxed elementor-invisible e-con e-parent\" data-id=\"0a9240c\" data-element_type=\"container\" data-settings=\"{&quot;animation&quot;:&quot;fadeIn&quot;}\">\n\t\t\t\t\t<div class=\"e-con-inner\">\n\t\t<div class=\"elementor-element elementor-element-93cb96e e-con-full e-flex e-con e-child\" data-id=\"93cb96e\" data-element_type=\"container\" data-settings=\"{&quot;background_background&quot;:&quot;classic&quot;}\">\n\t\t\t\t<div class=\"elementor-element elementor-element-ebdb49c elementor-widget elementor-widget-heading\" data-id=\"ebdb49c\" data-element_type=\"widget\" data-widget_type=\"heading.default\">\n\t\t\t\t<div class=\"elementor-widget-container\">\n\t\t\t\t\t<h2 class=\"elementor-heading-title elementor-size-default\">Atividade aberta<\/h2>\t\t\t\t<\/div>\n\t\t\t\t<\/div>\n\t\t\t\t<div class=\"elementor-element elementor-element-f733feb elementor-widget elementor-widget-text-editor\" data-id=\"f733feb\" data-element_type=\"widget\" data-widget_type=\"text-editor.default\">\n\t\t\t\t<div class=\"elementor-widget-container\">\n\t\t\t\t\t\t\t\t\t<p>Trabalha de forma independente, emitindo recibos verdes<\/p>\t\t\t\t\t\t\t\t<\/div>\n\t\t\t\t<\/div>\n\t\t\t\t<div class=\"elementor-element elementor-element-9a34fe4 elementor-widget elementor-widget-button\" data-id=\"9a34fe4\" data-element_type=\"widget\" data-widget_type=\"button.default\">\n\t\t\t\t<div class=\"elementor-widget-container\">\n\t\t\t\t\t\t\t\t\t<div class=\"elementor-button-wrapper\">\n\t\t\t\t\t<a class=\"elementor-button elementor-button-link elementor-size-sm\" href=\"https:\/\/holaportugal.pt\/blog\/emprender\/como-abrir-actividad-en-portugal\/\">\n\t\t\t\t\t\t<span class=\"elementor-button-content-wrapper\">\n\t\t\t\t\t\t\t\t\t<span class=\"elementor-button-text\">Ver guia<\/span>\n\t\t\t\t\t<\/span>\n\t\t\t\t\t<\/a>\n\t\t\t\t<\/div>\n\t\t\t\t\t\t\t\t<\/div>\n\t\t\t\t<\/div>\n\t\t\t\t<\/div>\n\t\t<div class=\"elementor-element elementor-element-411befb e-con-full e-flex e-con e-child\" data-id=\"411befb\" data-element_type=\"container\" data-settings=\"{&quot;background_background&quot;:&quot;classic&quot;}\">\n\t\t\t\t<div class=\"elementor-element elementor-element-fea7b42 elementor-widget elementor-widget-heading\" data-id=\"fea7b42\" data-element_type=\"widget\" data-widget_type=\"heading.default\">\n\t\t\t\t<div class=\"elementor-widget-container\">\n\t\t\t\t\t<h2 class=\"elementor-heading-title elementor-size-default\">N\u00famero de usu\u00e1rio<\/h2>\t\t\t\t<\/div>\n\t\t\t\t<\/div>\n\t\t\t\t<div class=\"elementor-element elementor-element-942874b elementor-widget elementor-widget-text-editor\" data-id=\"942874b\" data-element_type=\"widget\" data-widget_type=\"text-editor.default\">\n\t\t\t\t<div class=\"elementor-widget-container\">\n\t\t\t\t\t\t\t\t\t<p>Necess\u00e1rio para o acesso aos cuidados de sa\u00fade p\u00fablica em Portugal<\/p>\t\t\t\t\t\t\t\t<\/div>\n\t\t\t\t<\/div>\n\t\t\t\t<div class=\"elementor-element elementor-element-7ed7165 elementor-widget elementor-widget-button\" data-id=\"7ed7165\" data-element_type=\"widget\" data-widget_type=\"button.default\">\n\t\t\t\t<div class=\"elementor-widget-container\">\n\t\t\t\t\t\t\t\t\t<div class=\"elementor-button-wrapper\">\n\t\t\t\t\t<a class=\"elementor-button elementor-button-link elementor-size-sm\" href=\"https:\/\/holaportugal.pt\/pt-br\/blog\/formalidades\/numero-de-usuario-portugues-como-obte-lo\/\">\n\t\t\t\t\t\t<span class=\"elementor-button-content-wrapper\">\n\t\t\t\t\t\t\t\t\t<span class=\"elementor-button-text\">Ver guia<\/span>\n\t\t\t\t\t<\/span>\n\t\t\t\t\t<\/a>\n\t\t\t\t<\/div>\n\t\t\t\t\t\t\t\t<\/div>\n\t\t\t\t<\/div>\n\t\t\t\t<\/div>\n\t\t<div class=\"elementor-element elementor-element-6073e5e e-con-full e-flex e-con e-child\" data-id=\"6073e5e\" data-element_type=\"container\" data-settings=\"{&quot;background_background&quot;:&quot;classic&quot;}\">\n\t\t\t\t<div class=\"elementor-element elementor-element-d990301 elementor-widget elementor-widget-heading\" data-id=\"d990301\" data-element_type=\"widget\" data-widget_type=\"heading.default\">\n\t\t\t\t<div class=\"elementor-widget-container\">\n\t\t\t\t\t<h2 class=\"elementor-heading-title elementor-size-default\">Carteira de motorista<\/h2>\t\t\t\t<\/div>\n\t\t\t\t<\/div>\n\t\t\t\t<div class=\"elementor-element elementor-element-86364d6 elementor-widget elementor-widget-text-editor\" data-id=\"86364d6\" data-element_type=\"widget\" data-widget_type=\"text-editor.default\">\n\t\t\t\t<div class=\"elementor-widget-container\">\n\t\t\t\t\t\t\t\t\t<p>Passo a passo para trocar sua carteira de motorista estrangeira por uma carteira portuguesa<\/p>\t\t\t\t\t\t\t\t<\/div>\n\t\t\t\t<\/div>\n\t\t\t\t<div class=\"elementor-element elementor-element-8326269 elementor-widget elementor-widget-button\" data-id=\"8326269\" data-element_type=\"widget\" data-widget_type=\"button.default\">\n\t\t\t\t<div class=\"elementor-widget-container\">\n\t\t\t\t\t\t\t\t\t<div class=\"elementor-button-wrapper\">\n\t\t\t\t\t<a class=\"elementor-button elementor-button-link elementor-size-sm\" href=\"https:\/\/holaportugal.pt\/pt-br\/blog\/formalidades\/como-trocar-sua-carteira-de-motorista-em-portugal\/\">\n\t\t\t\t\t\t<span class=\"elementor-button-content-wrapper\">\n\t\t\t\t\t\t\t\t\t<span class=\"elementor-button-text\">Ver guia<\/span>\n\t\t\t\t\t<\/span>\n\t\t\t\t\t<\/a>\n\t\t\t\t<\/div>\n\t\t\t\t\t\t\t\t<\/div>\n\t\t\t\t<\/div>\n\t\t\t\t<\/div>\n\t\t\t\t\t<\/div>\n\t\t\t\t<\/div>\n\t\t\t\t<\/div>\n\t\t","protected":false},"excerpt":{"rendered":"<p>Guia para voc\u00ea viver em Portugal Informe-se sobre todos os procedimentos e documentos que voc\u00ea precisa obter para se estabelecer [&hellip;]<\/p>\n","protected":false},"author":3,"featured_media":0,"parent":0,"menu_order":0,"comment_status":"closed","ping_status":"closed","template":"elementor_header_footer","meta":{"site-sidebar-layout":"default","site-content-layout":"","ast-site-content-layout":"default","site-content-style":"default","site-sidebar-style":"default","ast-global-header-display":"","ast-banner-title-visibility":"","ast-main-header-display":"","ast-hfb-above-header-display":"","ast-hfb-below-header-display":"","ast-hfb-mobile-header-display":"","site-post-title":"","ast-breadcrumbs-content":"","ast-featured-img":"","footer-sml-layout":"","theme-transparent-header-meta":"","adv-header-id-meta":"","stick-header-meta":"","header-above-stick-meta":"","header-main-stick-meta":"","header-below-stick-meta":"","astra-migrate-meta-layouts":"default","ast-page-background-enabled":"default","ast-page-background-meta":{"desktop":{"background-color":"var(--ast-global-color-4)","background-image":"","background-repeat":"repeat","background-position":"center center","background-size":"auto","background-attachment":"scroll","background-type":"","background-media":"","overlay-type":"","overlay-color":"","overlay-opacity":"","overlay-gradient":""},"tablet":{"background-color":"","background-image":"","background-repeat":"repeat","background-position":"center center","background-size":"auto","background-attachment":"scroll","background-type":"","background-media":"","overlay-type":"","overlay-color":"","overlay-opacity":"","overlay-gradient":""},"mobile":{"background-color":"","background-image":"","background-repeat":"repeat","background-position":"center center","background-size":"auto","background-attachment":"scroll","background-type":"","background-media":"","overlay-type":"","overlay-color":"","overlay-opacity":"","overlay-gradient":""}},"ast-content-background-meta":{"desktop":{"background-color":"var(--ast-global-color-5)","background-image":"","background-repeat":"repeat","background-position":"center center","background-size":"auto","background-attachment":"scroll","background-type":"","background-media":"","overlay-type":"","overlay-color":"","overlay-opacity":"","overlay-gradient":""},"tablet":{"background-color":"var(--ast-global-color-5)","background-image":"","background-repeat":"repeat","background-position":"center center","background-size":"auto","background-attachment":"scroll","background-type":"","background-media":"","overlay-type":"","overlay-color":"","overlay-opacity":"","overlay-gradient":""},"mobile":{"background-color":"var(--ast-global-color-5)","background-image":"","background-repeat":"repeat","background-position":"center center","background-size":"auto","background-attachment":"scroll","background-type":"","background-media":"","overlay-type":"","overlay-color":"","overlay-opacity":"","overlay-gradient":""}},"footnotes":""},"class_list":["post-2986","page","type-page","status-publish","hentry"],"yoast_head":"<!-- This site is optimized with the Yoast SEO plugin v26.5 - https:\/\/yoast.com\/wordpress\/plugins\/seo\/ -->\n<title>Formalidades - Hola Portugal<\/title>\n<meta name=\"robots\" content=\"index, follow, max-snippet:-1, max-image-preview:large, max-video-preview:-1\" \/>\n<link rel=\"canonical\" href=\"https:\/\/holaportugal.pt\/pt-br\/formalidades\/\" \/>\n<meta property=\"og:locale\" content=\"pt_BR\" \/>\n<meta property=\"og:type\" content=\"article\" \/>\n<meta property=\"og:title\" content=\"Formalidades - Hola Portugal\" \/>\n<meta property=\"og:description\" content=\"Guia para voc\u00ea viver em Portugal Informe-se sobre todos os procedimentos e documentos que voc\u00ea precisa obter para se estabelecer [&hellip;]\" \/>\n<meta property=\"og:url\" content=\"https:\/\/holaportugal.pt\/pt-br\/formalidades\/\" \/>\n<meta property=\"og:site_name\" content=\"Hola Portugal\" \/>\n<meta property=\"article:publisher\" content=\"https:\/\/www.facebook.com\/holaportugalok\" \/>\n<meta property=\"article:modified_time\" content=\"2025-10-02T16:22:30+00:00\" \/>\n<meta name=\"twitter:card\" content=\"summary_large_image\" \/>\n<meta name=\"twitter:label1\" content=\"Est. tempo de leitura\" \/>\n\t<meta name=\"twitter:data1\" content=\"1 minuto\" \/>\n<script type=\"application\/ld+json\" class=\"yoast-schema-graph\">{\"@context\":\"https:\/\/schema.org\",\"@graph\":[{\"@type\":\"WebPage\",\"@id\":\"https:\/\/holaportugal.pt\/pt-br\/formalidades\/\",\"url\":\"https:\/\/holaportugal.pt\/pt-br\/formalidades\/\",\"name\":\"Formalidades - Hola Portugal\",\"isPartOf\":{\"@id\":\"https:\/\/holaportugal.pt\/pt-br\/#website\"},\"datePublished\":\"2024-10-16T18:39:14+00:00\",\"dateModified\":\"2025-10-02T16:22:30+00:00\",\"breadcrumb\":{\"@id\":\"https:\/\/holaportugal.pt\/pt-br\/formalidades\/#breadcrumb\"},\"inLanguage\":\"pt-BR\",\"potentialAction\":[{\"@type\":\"ReadAction\",\"target\":[\"https:\/\/holaportugal.pt\/pt-br\/formalidades\/\"]}]},{\"@type\":\"BreadcrumbList\",\"@id\":\"https:\/\/holaportugal.pt\/pt-br\/formalidades\/#breadcrumb\",\"itemListElement\":[{\"@type\":\"ListItem\",\"position\":1,\"name\":\"Inicio\",\"item\":\"https:\/\/holaportugal.pt\/pt-br\/aplicativo-nif-2\/\"},{\"@type\":\"ListItem\",\"position\":2,\"name\":\"Formalidades\"}]},{\"@type\":\"WebSite\",\"@id\":\"https:\/\/holaportugal.pt\/pt-br\/#website\",\"url\":\"https:\/\/holaportugal.pt\/pt-br\/\",\"name\":\"Hola Portugal\",\"description\":\"Te ayudamos con todos los tr\u00e1mites migratorios y administrativos para mudarte a Portugal\",\"publisher\":{\"@id\":\"https:\/\/holaportugal.pt\/pt-br\/#organization\"},\"potentialAction\":[{\"@type\":\"SearchAction\",\"target\":{\"@type\":\"EntryPoint\",\"urlTemplate\":\"https:\/\/holaportugal.pt\/pt-br\/?s={search_term_string}\"},\"query-input\":{\"@type\":\"PropertyValueSpecification\",\"valueRequired\":true,\"valueName\":\"search_term_string\"}}],\"inLanguage\":\"pt-BR\"},{\"@type\":\"Organization\",\"@id\":\"https:\/\/holaportugal.pt\/pt-br\/#organization\",\"name\":\"Hola Portugal\",\"url\":\"https:\/\/holaportugal.pt\/pt-br\/\",\"logo\":{\"@type\":\"ImageObject\",\"inLanguage\":\"pt-BR\",\"@id\":\"https:\/\/holaportugal.pt\/pt-br\/#\/schema\/logo\/image\/\",\"url\":\"https:\/\/holaportugal.pt\/wp-content\/uploads\/2024\/07\/favicon-holapt.png\",\"contentUrl\":\"https:\/\/holaportugal.pt\/wp-content\/uploads\/2024\/07\/favicon-holapt.png\",\"width\":512,\"height\":512,\"caption\":\"Hola Portugal\"},\"image\":{\"@id\":\"https:\/\/holaportugal.pt\/pt-br\/#\/schema\/logo\/image\/\"},\"sameAs\":[\"https:\/\/www.facebook.com\/holaportugalok\",\"https:\/\/www.instagram.com\/holaportugal.pt\/\"]}]}<\/script>\n<!-- \/ Yoast SEO plugin. -->","yoast_head_json":{"title":"Formalidades - Hola Portugal","robots":{"index":"index","follow":"follow","max-snippet":"max-snippet:-1","max-image-preview":"max-image-preview:large","max-video-preview":"max-video-preview:-1"},"canonical":"https:\/\/holaportugal.pt\/pt-br\/formalidades\/","og_locale":"pt_BR","og_type":"article","og_title":"Formalidades - Hola Portugal","og_description":"Guia para voc\u00ea viver em Portugal Informe-se sobre todos os procedimentos e documentos que voc\u00ea precisa obter para se estabelecer [&hellip;]","og_url":"https:\/\/holaportugal.pt\/pt-br\/formalidades\/","og_site_name":"Hola Portugal","article_publisher":"https:\/\/www.facebook.com\/holaportugalok","article_modified_time":"2025-10-02T16:22:30+00:00","twitter_card":"summary_large_image","twitter_misc":{"Est. tempo de leitura":"1 minuto"},"schema":{"@context":"https:\/\/schema.org","@graph":[{"@type":"WebPage","@id":"https:\/\/holaportugal.pt\/pt-br\/formalidades\/","url":"https:\/\/holaportugal.pt\/pt-br\/formalidades\/","name":"Formalidades - Hola Portugal","isPartOf":{"@id":"https:\/\/holaportugal.pt\/pt-br\/#website"},"datePublished":"2024-10-16T18:39:14+00:00","dateModified":"2025-10-02T16:22:30+00:00","breadcrumb":{"@id":"https:\/\/holaportugal.pt\/pt-br\/formalidades\/#breadcrumb"},"inLanguage":"pt-BR","potentialAction":[{"@type":"ReadAction","target":["https:\/\/holaportugal.pt\/pt-br\/formalidades\/"]}]},{"@type":"BreadcrumbList","@id":"https:\/\/holaportugal.pt\/pt-br\/formalidades\/#breadcrumb","itemListElement":[{"@type":"ListItem","position":1,"name":"Inicio","item":"https:\/\/holaportugal.pt\/pt-br\/aplicativo-nif-2\/"},{"@type":"ListItem","position":2,"name":"Formalidades"}]},{"@type":"WebSite","@id":"https:\/\/holaportugal.pt\/pt-br\/#website","url":"https:\/\/holaportugal.pt\/pt-br\/","name":"Hola Portugal","description":"Te ayudamos con todos los tr\u00e1mites migratorios y administrativos para mudarte a Portugal","publisher":{"@id":"https:\/\/holaportugal.pt\/pt-br\/#organization"},"potentialAction":[{"@type":"SearchAction","target":{"@type":"EntryPoint","urlTemplate":"https:\/\/holaportugal.pt\/pt-br\/?s={search_term_string}"},"query-input":{"@type":"PropertyValueSpecification","valueRequired":true,"valueName":"search_term_string"}}],"inLanguage":"pt-BR"},{"@type":"Organization","@id":"https:\/\/holaportugal.pt\/pt-br\/#organization","name":"Hola Portugal","url":"https:\/\/holaportugal.pt\/pt-br\/","logo":{"@type":"ImageObject","inLanguage":"pt-BR","@id":"https:\/\/holaportugal.pt\/pt-br\/#\/schema\/logo\/image\/","url":"https:\/\/holaportugal.pt\/wp-content\/uploads\/2024\/07\/favicon-holapt.png","contentUrl":"https:\/\/holaportugal.pt\/wp-content\/uploads\/2024\/07\/favicon-holapt.png","width":512,"height":512,"caption":"Hola Portugal"},"image":{"@id":"https:\/\/holaportugal.pt\/pt-br\/#\/schema\/logo\/image\/"},"sameAs":["https:\/\/www.facebook.com\/holaportugalok","https:\/\/www.instagram.com\/holaportugal.pt\/"]}]}},"_links":{"self":[{"href":"https:\/\/holaportugal.pt\/pt-br\/wp-json\/wp\/v2\/pages\/2986","targetHints":{"allow":["GET"]}}],"collection":[{"href":"https:\/\/holaportugal.pt\/pt-br\/wp-json\/wp\/v2\/pages"}],"about":[{"href":"https:\/\/holaportugal.pt\/pt-br\/wp-json\/wp\/v2\/types\/page"}],"author":[{"embeddable":true,"href":"https:\/\/holaportugal.pt\/pt-br\/wp-json\/wp\/v2\/users\/3"}],"replies":[{"embeddable":true,"href":"https:\/\/holaportugal.pt\/pt-br\/wp-json\/wp\/v2\/comments?post=2986"}],"version-history":[{"count":4,"href":"https:\/\/holaportugal.pt\/pt-br\/wp-json\/wp\/v2\/pages\/2986\/revisions"}],"predecessor-version":[{"id":3048,"href":"https:\/\/holaportugal.pt\/pt-br\/wp-json\/wp\/v2\/pages\/2986\/revisions\/3048"}],"wp:attachment":[{"href":"https:\/\/holaportugal.pt\/pt-br\/wp-json\/wp\/v2\/media?parent=2986"}],"curies":[{"name":"wp","href":"https:\/\/api.w.org\/{rel}","templated":true}]}}